{"id":1866,"date":"2024-11-15T10:36:43","date_gmt":"2024-11-15T10:36:43","guid":{"rendered":"https:\/\/tiendaropa2.jgpuxdesign.com\/product\/estela-blanco\/"},"modified":"2025-02-12T10:09:53","modified_gmt":"2025-02-12T10:09:53","slug":"estela-blanco","status":"publish","type":"product","link":"https:\/\/tiendaropa2.jgpuxdesign.com\/es\/producto\/estela-blanco\/","title":{"rendered":"ESTELA BLANCO"},"content":{"rendered":"<p>Vestido Estela en blanco con acabado brillante y hebilla plateada. Tejido el\u00e1stico (95% poli\u00e9ster, 5% elast\u00e1n).<\/p>\n","protected":false},"excerpt":{"rendered":"<p>Vestido Estela en blanco con acabado brillante y hebilla plateada. Tejido el\u00e1stico (95% poli\u00e9ster, 5% elast\u00e1n).<\/p>\n","protected":false},"featured_media":1704,"template":"","meta":{"_acf_changed":false},"product_brand":[],"product_cat":[104],"product_tag":[152,151,149,111,139,134,136,150,135,110,138,140,153,133,112,137,109,106,148,108,107,105,147],"class_list":{"0":"post-1866","1":"product","2":"type-product","3":"status-publish","4":"has-post-thumbnail","6":"product_cat-vestidos","7":"product_tag-5-spandex-es","8":"product_tag-95-polyester-es","9":"product_tag-acabado-brillante","10":"product_tag-ajuste-comodo","11":"product_tag-conjunto-de-verano","12":"product_tag-estilo-moderno","13":"product_tag-facil-de-llevar","14":"product_tag-hebilla-plateada","15":"product_tag-ligero","16":"product_tag-look-elegante","17":"product_tag-moda-de-primavera","18":"product_tag-para-todas-las-estaciones","19":"product_tag-tejido-brillante","20":"product_tag-tejido-de-punto","21":"product_tag-tejido-strecht","22":"product_tag-tejido-transpirable","23":"product_tag-traje-de-fiesta","24":"product_tag-trajes-de-noche","25":"product_tag-vestido-blanco","26":"product_tag-vestido-de-etiqueta","27":"product_tag-vestido-de-fiesta","28":"product_tag-vestido-elegante","29":"product_tag-vestido-estela","31":"first","32":"instock","33":"taxable","34":"shipping-taxable","35":"purchasable","36":"product-type-variable","37":"wvs-archive-product-wrapper"},"acf":[],"yoast_head":"<!-- This site is optimized with the Yoast SEO Premium plugin v23.6 (Yoast SEO v27.4) - https:\/\/yoast.com\/product\/yoast-seo-premium-wordpress\/ -->\n<title>ESTELA BLANCO | Alemany Studio<\/title>\n<meta name=\"robots\" content=\"index, follow, max-snippet:-1, max-image-preview:large, max-video-preview:-1\" \/>\n<link rel=\"canonical\" href=\"https:\/\/tiendaropa2.jgpuxdesign.com\/es\/producto\/estela-blanco\/\" \/>\n<meta property=\"og:locale\" content=\"es_ES\" \/>\n<meta property=\"og:type\" content=\"article\" \/>\n<meta property=\"og:title\" content=\"ESTELA BLANCO\" \/>\n<meta property=\"og:description\" content=\"Vestido Estela en blanco con acabado brillante y hebilla plateada. Tejido el\u00e1stico (95% poli\u00e9ster, 5% elast\u00e1n).\" \/>\n<meta property=\"og:url\" content=\"https:\/\/tiendaropa2.jgpuxdesign.com\/es\/producto\/estela-blanco\/\" \/>\n<meta property=\"og:site_name\" content=\"Alemany Studio\" \/>\n<meta property=\"article:modified_time\" content=\"2025-02-12T10:09:53+00:00\" \/>\n<meta property=\"og:image\" content=\"https:\/\/tiendaropa2.jgpuxdesign.com\/wp-content\/uploads\/2024\/11\/VISUALARTS_ALEMANY_WebEstelaWhite2-scaled-e1733242990178.webp\" \/>\n\t<meta property=\"og:image:width\" content=\"1395\" \/>\n\t<meta property=\"og:image:height\" content=\"2088\" \/>\n\t<meta property=\"og:image:type\" content=\"image\/webp\" \/>\n<meta name=\"twitter:card\" content=\"summary_large_image\" \/>\n<meta name=\"twitter:label1\" content=\"Tiempo de lectura\" \/>\n\t<meta name=\"twitter:data1\" content=\"1 minuto\" \/>\n<script type=\"application\/ld+json\" class=\"yoast-schema-graph\">{\"@context\":\"https:\\\/\\\/schema.org\",\"@graph\":[{\"@type\":\"WebPage\",\"@id\":\"https:\\\/\\\/tiendaropa2.jgpuxdesign.com\\\/es\\\/producto\\\/estela-blanco\\\/\",\"url\":\"https:\\\/\\\/tiendaropa2.jgpuxdesign.com\\\/es\\\/producto\\\/estela-blanco\\\/\",\"name\":\"ESTELA BLANCO | Alemany Studio\",\"isPartOf\":{\"@id\":\"https:\\\/\\\/tiendaropa2.jgpuxdesign.com\\\/#website\"},\"primaryImageOfPage\":{\"@id\":\"https:\\\/\\\/tiendaropa2.jgpuxdesign.com\\\/es\\\/producto\\\/estela-blanco\\\/#primaryimage\"},\"image\":{\"@id\":\"https:\\\/\\\/tiendaropa2.jgpuxdesign.com\\\/es\\\/producto\\\/estela-blanco\\\/#primaryimage\"},\"thumbnailUrl\":\"https:\\\/\\\/tiendaropa2.jgpuxdesign.com\\\/wp-content\\\/uploads\\\/2024\\\/11\\\/VISUALARTS_ALEMANY_WebEstelaWhite2-scaled-e1733242990178.webp\",\"datePublished\":\"2024-11-15T10:36:43+00:00\",\"dateModified\":\"2025-02-12T10:09:53+00:00\",\"breadcrumb\":{\"@id\":\"https:\\\/\\\/tiendaropa2.jgpuxdesign.com\\\/es\\\/producto\\\/estela-blanco\\\/#breadcrumb\"},\"inLanguage\":\"es\",\"potentialAction\":[{\"@type\":\"ReadAction\",\"target\":[\"https:\\\/\\\/tiendaropa2.jgpuxdesign.com\\\/es\\\/producto\\\/estela-blanco\\\/\"]}]},{\"@type\":\"ImageObject\",\"inLanguage\":\"es\",\"@id\":\"https:\\\/\\\/tiendaropa2.jgpuxdesign.com\\\/es\\\/producto\\\/estela-blanco\\\/#primaryimage\",\"url\":\"https:\\\/\\\/tiendaropa2.jgpuxdesign.com\\\/wp-content\\\/uploads\\\/2024\\\/11\\\/VISUALARTS_ALEMANY_WebEstelaWhite2-scaled-e1733242990178.webp\",\"contentUrl\":\"https:\\\/\\\/tiendaropa2.jgpuxdesign.com\\\/wp-content\\\/uploads\\\/2024\\\/11\\\/VISUALARTS_ALEMANY_WebEstelaWhite2-scaled-e1733242990178.webp\",\"width\":1395,\"height\":2088},{\"@type\":\"BreadcrumbList\",\"@id\":\"https:\\\/\\\/tiendaropa2.jgpuxdesign.com\\\/es\\\/producto\\\/estela-blanco\\\/#breadcrumb\",\"itemListElement\":[{\"@type\":\"ListItem\",\"position\":1,\"name\":\"Inicio\",\"item\":\"https:\\\/\\\/tiendaropa2.jgpuxdesign.com\\\/es\\\/\"},{\"@type\":\"ListItem\",\"position\":2,\"name\":\"Colecci\u00f3n\",\"item\":\"https:\\\/\\\/tiendaropa2.jgpuxdesign.com\\\/es\\\/coleccion\\\/\"},{\"@type\":\"ListItem\",\"position\":3,\"name\":\"ESTELA BLANCO\"}]},{\"@type\":\"WebSite\",\"@id\":\"https:\\\/\\\/tiendaropa2.jgpuxdesign.com\\\/#website\",\"url\":\"https:\\\/\\\/tiendaropa2.jgpuxdesign.com\\\/\",\"name\":\"Alemany Studio\",\"description\":\"\",\"alternateName\":\"Alemany Studio\",\"potentialAction\":[{\"@type\":\"SearchAction\",\"target\":{\"@type\":\"EntryPoint\",\"urlTemplate\":\"https:\\\/\\\/tiendaropa2.jgpuxdesign.com\\\/?s={search_term_string}\"},\"query-input\":{\"@type\":\"PropertyValueSpecification\",\"valueRequired\":true,\"valueName\":\"search_term_string\"}}],\"inLanguage\":\"es\"}]}<\/script>\n<!-- \/ Yoast SEO Premium plugin. -->","yoast_head_json":{"title":"ESTELA BLANCO | Alemany Studio","robots":{"index":"index","follow":"follow","max-snippet":"max-snippet:-1","max-image-preview":"max-image-preview:large","max-video-preview":"max-video-preview:-1"},"canonical":"https:\/\/tiendaropa2.jgpuxdesign.com\/es\/producto\/estela-blanco\/","og_locale":"es_ES","og_type":"article","og_title":"ESTELA BLANCO","og_description":"Vestido Estela en blanco con acabado brillante y hebilla plateada. Tejido el\u00e1stico (95% poli\u00e9ster, 5% elast\u00e1n).","og_url":"https:\/\/tiendaropa2.jgpuxdesign.com\/es\/producto\/estela-blanco\/","og_site_name":"Alemany Studio","article_modified_time":"2025-02-12T10:09:53+00:00","og_image":[{"width":1395,"height":2088,"url":"https:\/\/tiendaropa2.jgpuxdesign.com\/wp-content\/uploads\/2024\/11\/VISUALARTS_ALEMANY_WebEstelaWhite2-scaled-e1733242990178.webp","type":"image\/webp"}],"twitter_card":"summary_large_image","twitter_misc":{"Tiempo de lectura":"1 minuto"},"schema":{"@context":"https:\/\/schema.org","@graph":[{"@type":"WebPage","@id":"https:\/\/tiendaropa2.jgpuxdesign.com\/es\/producto\/estela-blanco\/","url":"https:\/\/tiendaropa2.jgpuxdesign.com\/es\/producto\/estela-blanco\/","name":"ESTELA BLANCO | Alemany Studio","isPartOf":{"@id":"https:\/\/tiendaropa2.jgpuxdesign.com\/#website"},"primaryImageOfPage":{"@id":"https:\/\/tiendaropa2.jgpuxdesign.com\/es\/producto\/estela-blanco\/#primaryimage"},"image":{"@id":"https:\/\/tiendaropa2.jgpuxdesign.com\/es\/producto\/estela-blanco\/#primaryimage"},"thumbnailUrl":"https:\/\/tiendaropa2.jgpuxdesign.com\/wp-content\/uploads\/2024\/11\/VISUALARTS_ALEMANY_WebEstelaWhite2-scaled-e1733242990178.webp","datePublished":"2024-11-15T10:36:43+00:00","dateModified":"2025-02-12T10:09:53+00:00","breadcrumb":{"@id":"https:\/\/tiendaropa2.jgpuxdesign.com\/es\/producto\/estela-blanco\/#breadcrumb"},"inLanguage":"es","potentialAction":[{"@type":"ReadAction","target":["https:\/\/tiendaropa2.jgpuxdesign.com\/es\/producto\/estela-blanco\/"]}]},{"@type":"ImageObject","inLanguage":"es","@id":"https:\/\/tiendaropa2.jgpuxdesign.com\/es\/producto\/estela-blanco\/#primaryimage","url":"https:\/\/tiendaropa2.jgpuxdesign.com\/wp-content\/uploads\/2024\/11\/VISUALARTS_ALEMANY_WebEstelaWhite2-scaled-e1733242990178.webp","contentUrl":"https:\/\/tiendaropa2.jgpuxdesign.com\/wp-content\/uploads\/2024\/11\/VISUALARTS_ALEMANY_WebEstelaWhite2-scaled-e1733242990178.webp","width":1395,"height":2088},{"@type":"BreadcrumbList","@id":"https:\/\/tiendaropa2.jgpuxdesign.com\/es\/producto\/estela-blanco\/#breadcrumb","itemListElement":[{"@type":"ListItem","position":1,"name":"Inicio","item":"https:\/\/tiendaropa2.jgpuxdesign.com\/es\/"},{"@type":"ListItem","position":2,"name":"Colecci\u00f3n","item":"https:\/\/tiendaropa2.jgpuxdesign.com\/es\/coleccion\/"},{"@type":"ListItem","position":3,"name":"ESTELA BLANCO"}]},{"@type":"WebSite","@id":"https:\/\/tiendaropa2.jgpuxdesign.com\/#website","url":"https:\/\/tiendaropa2.jgpuxdesign.com\/","name":"Alemany Studio","description":"","alternateName":"Alemany Studio","potentialAction":[{"@type":"SearchAction","target":{"@type":"EntryPoint","urlTemplate":"https:\/\/tiendaropa2.jgpuxdesign.com\/?s={search_term_string}"},"query-input":{"@type":"PropertyValueSpecification","valueRequired":true,"valueName":"search_term_string"}}],"inLanguage":"es"}]}},"_links":{"self":[{"href":"https:\/\/tiendaropa2.jgpuxdesign.com\/es\/wp-json\/wp\/v2\/product\/1866","targetHints":{"allow":["GET"]}}],"collection":[{"href":"https:\/\/tiendaropa2.jgpuxdesign.com\/es\/wp-json\/wp\/v2\/product"}],"about":[{"href":"https:\/\/tiendaropa2.jgpuxdesign.com\/es\/wp-json\/wp\/v2\/types\/product"}],"wp:featuredmedia":[{"embeddable":true,"href":"https:\/\/tiendaropa2.jgpuxdesign.com\/es\/wp-json\/wp\/v2\/media\/1704"}],"wp:attachment":[{"href":"https:\/\/tiendaropa2.jgpuxdesign.com\/es\/wp-json\/wp\/v2\/media?parent=1866"}],"wp:term":[{"taxonomy":"product_brand","embeddable":true,"href":"https:\/\/tiendaropa2.jgpuxdesign.com\/es\/wp-json\/wp\/v2\/product_brand?post=1866"},{"taxonomy":"product_cat","embeddable":true,"href":"https:\/\/tiendaropa2.jgpuxdesign.com\/es\/wp-json\/wp\/v2\/product_cat?post=1866"},{"taxonomy":"product_tag","embeddable":true,"href":"https:\/\/tiendaropa2.jgpuxdesign.com\/es\/wp-json\/wp\/v2\/product_tag?post=1866"}],"curies":[{"name":"wp","href":"https:\/\/api.w.org\/{rel}","templated":true}]}}