{"id":1756,"date":"2024-10-25T14:44:15","date_gmt":"2024-10-25T14:44:15","guid":{"rendered":"https:\/\/tiendaropa2.jgpuxdesign.com\/aviso-legal\/"},"modified":"2024-12-09T10:10:37","modified_gmt":"2024-12-09T10:10:37","slug":"aviso-legal","status":"publish","type":"page","link":"https:\/\/tiendaropa2.jgpuxdesign.com\/es\/aviso-legal\/","title":{"rendered":"Aviso Legal"},"content":{"rendered":"\t\t<div data-elementor-type=\"wp-page\" data-elementor-id=\"1756\" class=\"elementor elementor-1756 elementor-74\" data-elementor-post-type=\"page\">\n\t\t\t\t<div data-particle_enable=\"false\" data-particle-mobile-disabled=\"false\" class=\"elementor-element elementor-element-4081542 e-flex e-con-boxed e-con e-parent\" data-id=\"4081542\" data-element_type=\"container\" data-e-type=\"container\" data-settings=\"{&quot;jet_parallax_layout_list&quot;:[]}\">\n\t\t\t\t\t<div class=\"e-con-inner\">\n\t\t\t\t<div class=\"elementor-element elementor-element-28ec056 elementor-widget elementor-widget-text-editor\" data-id=\"28ec056\" data-element_type=\"widget\" data-e-type=\"widget\" data-widget_type=\"text-editor.default\">\n\t\t\t\t<div class=\"elementor-widget-container\">\n\t\t\t\t\t\t\t\t\t<h2>1. Informaci\u00f3n general<\/h2>\n<p><strong>Nombre de la empresa o entidad jur\u00eddica:<\/strong><br \/>Mar\u00eda Alemany Segu\u00ed<\/p>\n<p><strong>CIF\/NIF:<\/strong><br \/>43461628T<\/p>\n<p><strong>Direcci\u00f3n f\u00edsica:<\/strong><br \/>C\/Cardenal Pou, 3, Entresuelo Dcha., 07003 Palma, Balearic Islands, Spain.<\/p>\n<p><strong>N\u00famero de tel\u00e9fono de contacto:<\/strong><br \/>679 101 956<\/p>\n<p><strong>Direcci\u00f3n de correo electr\u00f3nico de contacto:<\/strong><br \/><a rel=\"noopener\">info@tiendaropa2.jgpuxdesign.com<\/a><\/p>\n<p><strong>Persona responsable del sitio web:<\/strong><br \/>Mar\u00eda Alemany Segu\u00ed<\/p>\n<p>El presente Aviso Legal regula el acceso y uso del sitio web <a href=\"https:\/\/tiendaropa2.jgpuxdesign.com\" target=\"_new\" rel=\"noopener\">www.alemanystudio.com<\/a> (en adelante, el \u00abSitio Web\u00bb), as\u00ed como las actividades comerciales desarrolladas en el mismo.<\/p>\n<h2>2. Prop\u00f3sito<\/h2>\n<p>El presente Aviso Legal tiene por objeto informar a los usuarios sobre las condiciones de uso del Sitio Web y de los servicios ofrecidos a trav\u00e9s del mismo, en cumplimiento de la legislaci\u00f3n vigente aplicable.<\/p>\n<h2>3. Condiciones de uso<\/h2>\n<h3>3.1. Acceptance of Terms <\/h3>\n<p>El acceso y utilizaci\u00f3n del Sitio Web implica la aceptaci\u00f3n plena y sin reservas de todas y cada una de las disposiciones incluidas en este Aviso Legal. Si el usuario no estuviera de acuerdo con cualquiera de las condiciones aqu\u00ed establecidas, deber\u00e1 abstenerse de utilizar el Sitio Web. <\/p>\n<h3>3.2. Modification of Terms <\/h3>\n<p>Mar\u00eda Alemany Segu\u00ed se reserva el derecho a modificar en cualquier momento las presentes condiciones, siendo vinculantes para los usuarios las condiciones vigentes en el momento en que se acceda al Sitio Web.<\/p>\n<h2>4. Propiedad intelectual e industrial<\/h2>\n<h3>4.1. Ownership <\/h3>\n<p>Todos los contenidos del Sitio Web, entendiendo por estos a t\u00edtulo meramente enunciativo los textos, im\u00e1genes, gr\u00e1ficos, logotipos, iconos, software, as\u00ed como su dise\u00f1o gr\u00e1fico y c\u00f3digos fuente, son propiedad de Mar\u00eda Alemany Segu\u00ed o de terceros que han autorizado su uso.<\/p>\n<h3>4.2. Restrictions <\/h3>\n<p>Queda prohibida la reproducci\u00f3n, distribuci\u00f3n, comunicaci\u00f3n p\u00fablica y transformaci\u00f3n de tales contenidos salvo autorizaci\u00f3n expresa y por escrito de los titulares de los derechos.<\/p>\n<h2>5. Responsabilidad<\/h2>\n<h3>5.1. Use of the Website <\/h3>\n<p>Mar\u00eda Alemany Segu\u00ed no se hace responsable de los da\u00f1os y perjuicios que pudieran derivarse de la utilizaci\u00f3n del Sitio Web, incluidos, entre otros, los errores en los contenidos, el mal funcionamiento del Sitio Web o la transmisi\u00f3n de virus u otros elementos lesivos.<\/p>\n<h3>5.2. Third-Party Links <\/h3>\n<p>El Sitio Web puede contener enlaces a otros sitios web gestionados por terceros. Mar\u00eda Alemany Segu\u00ed no se responsabiliza del contenido de dichos sitios ni de los da\u00f1os y perjuicios que puedan derivarse de su uso. <\/p>\n<h2>6. Protecci\u00f3n de datos personales<\/h2>\n<h3>6.1. Data Controller <\/h3>\n<p><strong>Controlador de datos<\/strong><br \/>Mar\u00eda Alemany Segu\u00ed<br \/><strong>Direcci\u00f3n de correo electr\u00f3nico:<\/strong><br \/><a rel=\"noopener\">info@tiendaropa2.jgpuxdesign.com<\/a><\/p>\n<h3>6.2. Purpose of Processing <\/h3>\n<p>Los datos personales facilitados por los usuarios ser\u00e1n incorporados a un fichero titularidad de Mar\u00eda Alemany Segu\u00ed, con la finalidad de gestionar la relaci\u00f3n comercial y administrativa derivada del uso del Sitio Web.<\/p>\n<h3>6.3. Users&#8217; Rights <\/h3>\n<p>El usuario podr\u00e1 ejercitar sus derechos de acceso, rectificaci\u00f3n, cancelaci\u00f3n y oposici\u00f3n mediante solicitud escrita dirigida a la direcci\u00f3n de correo electr\u00f3nico arriba indicada, adjuntando copia de su DNI u otro documento identificativo.<\/p>\n<p>Para m\u00e1s informaci\u00f3n, por favor consulte la <a target=\"_new\" rel=\"noopener\">Pol\u00edtica de privacidad<\/a>.<\/p>\n<h2>7. Ley aplicable y jurisdicci\u00f3n<\/h2>\n<p>El presente Aviso Legal se rige por la ley espa\u00f1ola. Para cualquier litigio que pudiera derivarse del acceso o la utilizaci\u00f3n de la Web, las partes se someten, salvo que la ley aplicable disponga otra cosa, a los Juzgados y Tribunales de la ciudad de Palma, Islas Baleares. <\/p>\n\t\t\t\t\t\t\t\t<\/div>\n\t\t\t\t<\/div>\n\t\t\t\t\t<\/div>\n\t\t\t\t<\/div>\n\t\t\t\t<\/div>\n\t\t","protected":false},"excerpt":{"rendered":"<p>1. Informaci\u00f3n general Nombre de la empresa o entidad jur\u00eddica:Mar\u00eda Alemany Segu\u00ed CIF\/NIF:43461628T Direcci\u00f3n f\u00edsica:C\/Cardenal Pou, 3, Entresuelo Dcha., 07003 Palma, Balearic Islands, Spain. N\u00famero de tel\u00e9fono de contacto:679 101 956 Direcci\u00f3n de correo electr\u00f3nico de contacto:info@tiendaropa2.jgpuxdesign.com Persona responsable del sitio web:Mar\u00eda Alemany Segu\u00ed El presente Aviso Legal regula el acceso y uso del sitio [&hellip;]<\/p>\n","protected":false},"author":1,"featured_media":0,"parent":0,"menu_order":0,"comment_status":"closed","ping_status":"closed","template":"elementor_header_footer","meta":{"_acf_changed":false,"footnotes":""},"class_list":["post-1756","page","type-page","status-publish","hentry"],"acf":[],"yoast_head":"<!-- This site is optimized with the Yoast SEO Premium plugin v23.6 (Yoast SEO v27.4) - https:\/\/yoast.com\/product\/yoast-seo-premium-wordpress\/ -->\n<title>Aviso Legal | Alemany Studio<\/title>\n<meta name=\"robots\" content=\"index, follow, max-snippet:-1, max-image-preview:large, max-video-preview:-1\" \/>\n<link rel=\"canonical\" href=\"https:\/\/tiendaropa2.jgpuxdesign.com\/es\/aviso-legal\/\" \/>\n<meta property=\"og:locale\" content=\"es_ES\" \/>\n<meta property=\"og:type\" content=\"article\" \/>\n<meta property=\"og:title\" content=\"Aviso Legal\" \/>\n<meta property=\"og:description\" content=\"1. Informaci\u00f3n general Nombre de la empresa o entidad jur\u00eddica:Mar\u00eda Alemany Segu\u00ed CIF\/NIF:43461628T Direcci\u00f3n f\u00edsica:C\/Cardenal Pou, 3, Entresuelo Dcha., 07003 Palma, Balearic Islands, Spain. N\u00famero de tel\u00e9fono de contacto:679 101 956 Direcci\u00f3n de correo electr\u00f3nico de contacto:info@tiendaropa2.jgpuxdesign.com Persona responsable del sitio web:Mar\u00eda Alemany Segu\u00ed El presente Aviso Legal regula el acceso y uso del sitio [&hellip;]\" \/>\n<meta property=\"og:url\" content=\"https:\/\/tiendaropa2.jgpuxdesign.com\/es\/aviso-legal\/\" \/>\n<meta property=\"og:site_name\" content=\"Alemany Studio\" \/>\n<meta property=\"article:modified_time\" content=\"2024-12-09T10:10:37+00:00\" \/>\n<meta property=\"og:image\" content=\"https:\/\/tiendaropa2.jgpuxdesign.com\/wp-content\/uploads\/2024\/11\/Cover-1024x576.png\" \/>\n<meta name=\"twitter:card\" content=\"summary_large_image\" \/>\n<meta name=\"twitter:label1\" content=\"Tiempo de lectura\" \/>\n\t<meta name=\"twitter:data1\" content=\"3 minutos\" \/>\n<script type=\"application\/ld+json\" class=\"yoast-schema-graph\">{\"@context\":\"https:\\\/\\\/schema.org\",\"@graph\":[{\"@type\":\"WebPage\",\"@id\":\"https:\\\/\\\/tiendaropa2.jgpuxdesign.com\\\/es\\\/aviso-legal\\\/\",\"url\":\"https:\\\/\\\/tiendaropa2.jgpuxdesign.com\\\/es\\\/aviso-legal\\\/\",\"name\":\"Aviso Legal | Alemany Studio\",\"isPartOf\":{\"@id\":\"https:\\\/\\\/tiendaropa2.jgpuxdesign.com\\\/#website\"},\"datePublished\":\"2024-10-25T14:44:15+00:00\",\"dateModified\":\"2024-12-09T10:10:37+00:00\",\"breadcrumb\":{\"@id\":\"https:\\\/\\\/tiendaropa2.jgpuxdesign.com\\\/es\\\/aviso-legal\\\/#breadcrumb\"},\"inLanguage\":\"es\",\"potentialAction\":[{\"@type\":\"ReadAction\",\"target\":[\"https:\\\/\\\/tiendaropa2.jgpuxdesign.com\\\/es\\\/aviso-legal\\\/\"]}]},{\"@type\":\"BreadcrumbList\",\"@id\":\"https:\\\/\\\/tiendaropa2.jgpuxdesign.com\\\/es\\\/aviso-legal\\\/#breadcrumb\",\"itemListElement\":[{\"@type\":\"ListItem\",\"position\":1,\"name\":\"Inicio\",\"item\":\"https:\\\/\\\/tiendaropa2.jgpuxdesign.com\\\/es\\\/\"},{\"@type\":\"ListItem\",\"position\":2,\"name\":\"Aviso Legal\"}]},{\"@type\":\"WebSite\",\"@id\":\"https:\\\/\\\/tiendaropa2.jgpuxdesign.com\\\/#website\",\"url\":\"https:\\\/\\\/tiendaropa2.jgpuxdesign.com\\\/\",\"name\":\"Alemany Studio\",\"description\":\"\",\"alternateName\":\"Alemany Studio\",\"potentialAction\":[{\"@type\":\"SearchAction\",\"target\":{\"@type\":\"EntryPoint\",\"urlTemplate\":\"https:\\\/\\\/tiendaropa2.jgpuxdesign.com\\\/?s={search_term_string}\"},\"query-input\":{\"@type\":\"PropertyValueSpecification\",\"valueRequired\":true,\"valueName\":\"search_term_string\"}}],\"inLanguage\":\"es\"}]}<\/script>\n<!-- \/ Yoast SEO Premium plugin. -->","yoast_head_json":{"title":"Aviso Legal | Alemany Studio","robots":{"index":"index","follow":"follow","max-snippet":"max-snippet:-1","max-image-preview":"max-image-preview:large","max-video-preview":"max-video-preview:-1"},"canonical":"https:\/\/tiendaropa2.jgpuxdesign.com\/es\/aviso-legal\/","og_locale":"es_ES","og_type":"article","og_title":"Aviso Legal","og_description":"1. Informaci\u00f3n general Nombre de la empresa o entidad jur\u00eddica:Mar\u00eda Alemany Segu\u00ed CIF\/NIF:43461628T Direcci\u00f3n f\u00edsica:C\/Cardenal Pou, 3, Entresuelo Dcha., 07003 Palma, Balearic Islands, Spain. N\u00famero de tel\u00e9fono de contacto:679 101 956 Direcci\u00f3n de correo electr\u00f3nico de contacto:info@tiendaropa2.jgpuxdesign.com Persona responsable del sitio web:Mar\u00eda Alemany Segu\u00ed El presente Aviso Legal regula el acceso y uso del sitio [&hellip;]","og_url":"https:\/\/tiendaropa2.jgpuxdesign.com\/es\/aviso-legal\/","og_site_name":"Alemany Studio","article_modified_time":"2024-12-09T10:10:37+00:00","og_image":[{"url":"https:\/\/tiendaropa2.jgpuxdesign.com\/wp-content\/uploads\/2024\/11\/Cover-1024x576.png","type":"","width":"","height":""}],"twitter_card":"summary_large_image","twitter_misc":{"Tiempo de lectura":"3 minutos"},"schema":{"@context":"https:\/\/schema.org","@graph":[{"@type":"WebPage","@id":"https:\/\/tiendaropa2.jgpuxdesign.com\/es\/aviso-legal\/","url":"https:\/\/tiendaropa2.jgpuxdesign.com\/es\/aviso-legal\/","name":"Aviso Legal | Alemany Studio","isPartOf":{"@id":"https:\/\/tiendaropa2.jgpuxdesign.com\/#website"},"datePublished":"2024-10-25T14:44:15+00:00","dateModified":"2024-12-09T10:10:37+00:00","breadcrumb":{"@id":"https:\/\/tiendaropa2.jgpuxdesign.com\/es\/aviso-legal\/#breadcrumb"},"inLanguage":"es","potentialAction":[{"@type":"ReadAction","target":["https:\/\/tiendaropa2.jgpuxdesign.com\/es\/aviso-legal\/"]}]},{"@type":"BreadcrumbList","@id":"https:\/\/tiendaropa2.jgpuxdesign.com\/es\/aviso-legal\/#breadcrumb","itemListElement":[{"@type":"ListItem","position":1,"name":"Inicio","item":"https:\/\/tiendaropa2.jgpuxdesign.com\/es\/"},{"@type":"ListItem","position":2,"name":"Aviso Legal"}]},{"@type":"WebSite","@id":"https:\/\/tiendaropa2.jgpuxdesign.com\/#website","url":"https:\/\/tiendaropa2.jgpuxdesign.com\/","name":"Alemany Studio","description":"","alternateName":"Alemany Studio","potentialAction":[{"@type":"SearchAction","target":{"@type":"EntryPoint","urlTemplate":"https:\/\/tiendaropa2.jgpuxdesign.com\/?s={search_term_string}"},"query-input":{"@type":"PropertyValueSpecification","valueRequired":true,"valueName":"search_term_string"}}],"inLanguage":"es"}]}},"_hostinger_reach_plugin_has_subscription_block":false,"_hostinger_reach_plugin_is_elementor":false,"_links":{"self":[{"href":"https:\/\/tiendaropa2.jgpuxdesign.com\/es\/wp-json\/wp\/v2\/pages\/1756","targetHints":{"allow":["GET"]}}],"collection":[{"href":"https:\/\/tiendaropa2.jgpuxdesign.com\/es\/wp-json\/wp\/v2\/pages"}],"about":[{"href":"https:\/\/tiendaropa2.jgpuxdesign.com\/es\/wp-json\/wp\/v2\/types\/page"}],"author":[{"embeddable":true,"href":"https:\/\/tiendaropa2.jgpuxdesign.com\/es\/wp-json\/wp\/v2\/users\/1"}],"replies":[{"embeddable":true,"href":"https:\/\/tiendaropa2.jgpuxdesign.com\/es\/wp-json\/wp\/v2\/comments?post=1756"}],"version-history":[{"count":1,"href":"https:\/\/tiendaropa2.jgpuxdesign.com\/es\/wp-json\/wp\/v2\/pages\/1756\/revisions"}],"predecessor-version":[{"id":1757,"href":"https:\/\/tiendaropa2.jgpuxdesign.com\/es\/wp-json\/wp\/v2\/pages\/1756\/revisions\/1757"}],"wp:attachment":[{"href":"https:\/\/tiendaropa2.jgpuxdesign.com\/es\/wp-json\/wp\/v2\/media?parent=1756"}],"curies":[{"name":"wp","href":"https:\/\/api.w.org\/{rel}","templated":true}]}}