{"id":1624,"date":"2024-10-25T10:43:56","date_gmt":"2024-10-25T10:43:56","guid":{"rendered":"https:\/\/tiendaropa2.jgpuxdesign.com\/my-account-2\/"},"modified":"2024-12-09T13:48:27","modified_gmt":"2024-12-09T13:48:27","slug":"mi-cuenta","status":"publish","type":"page","link":"https:\/\/tiendaropa2.jgpuxdesign.com\/es\/mi-cuenta\/","title":{"rendered":"Mi cuenta"},"content":{"rendered":"\t\t<div data-elementor-type=\"wp-page\" data-elementor-id=\"1624\" class=\"elementor elementor-1624 elementor-17\" data-elementor-post-type=\"page\">\n\t\t\t\t<div data-particle_enable=\"false\" data-particle-mobile-disabled=\"false\" class=\"elementor-element elementor-element-0d47cac e-con-full e-flex e-con e-parent\" data-id=\"0d47cac\" data-element_type=\"container\" data-e-type=\"container\" data-settings=\"{&quot;jet_parallax_layout_list&quot;:[]}\">\n\t\t\t\t<div class=\"elementor-element elementor-element-7b5cf5d elementor-widget elementor-widget-eael-woo-account-dashboard\" data-id=\"7b5cf5d\" data-element_type=\"widget\" data-e-type=\"widget\" data-settings=\"{&quot;eael_account_dashboard_table_header_column_alignment&quot;:&quot;left&quot;,&quot;eael_account_dashboard_table_body_column_alignment&quot;:&quot;left&quot;}\" data-widget_type=\"eael-woo-account-dashboard.default\">\n\t\t\t\t<div class=\"elementor-widget-container\">\n\t\t\t\t\t\n        <div>\n            <div class=\"eael-account-dashboard-wrapper preset-3\">\n    <div class=\"eael-account-dashboard-body\">\n        <div class=\"eael-account-dashboard-container\">\n            \t\t<div class=\"eael-account-dashboard-navbar eael-d-none\">\n\t\t\t\n<nav class=\"woocommerce-MyAccount-navigation\" aria-label=\"P\u00e1ginas de cuenta\">\n\t<ul>\n\t\t\t\t\t<li class=\"woocommerce-MyAccount-navigation-link woocommerce-MyAccount-navigation-link--dashboard\">\n\t\t\t\t<a href=\"https:\/\/tiendaropa2.jgpuxdesign.com\/es\/mi-cuenta\/\" >\n\t\t\t\t\tDashboard\t\t\t\t<\/a>\n\t\t\t<\/li>\n\t\t\t\t\t<li class=\"woocommerce-MyAccount-navigation-link woocommerce-MyAccount-navigation-link--orders\">\n\t\t\t\t<a href=\"https:\/\/tiendaropa2.jgpuxdesign.com\/es\/mi-cuenta\/orders\/\" >\n\t\t\t\t\tPedidos\t\t\t\t<\/a>\n\t\t\t<\/li>\n\t\t\t\t\t<li class=\"woocommerce-MyAccount-navigation-link woocommerce-MyAccount-navigation-link--edit-address\">\n\t\t\t\t<a href=\"https:\/\/tiendaropa2.jgpuxdesign.com\/es\/mi-cuenta\/edit-address\/\" >\n\t\t\t\t\tDirecciones\t\t\t\t<\/a>\n\t\t\t<\/li>\n\t\t\t\t\t<li class=\"woocommerce-MyAccount-navigation-link woocommerce-MyAccount-navigation-link--payment-methods\">\n\t\t\t\t<a href=\"https:\/\/tiendaropa2.jgpuxdesign.com\/es\/mi-cuenta\/payment-methods\/\" >\n\t\t\t\t\tM\u00e9todos de pago\t\t\t\t<\/a>\n\t\t\t<\/li>\n\t\t\t\t\t<li class=\"woocommerce-MyAccount-navigation-link woocommerce-MyAccount-navigation-link--edit-account\">\n\t\t\t\t<a href=\"https:\/\/tiendaropa2.jgpuxdesign.com\/es\/mi-cuenta\/edit-account\/\" >\n\t\t\t\t\tDetalles de la cuenta\t\t\t\t<\/a>\n\t\t\t<\/li>\n\t\t\t\t\t<li class=\"woocommerce-MyAccount-navigation-link woocommerce-MyAccount-navigation-link--jet-bookings\">\n\t\t\t\t<a href=\"https:\/\/tiendaropa2.jgpuxdesign.com\/es\/mi-cuenta\/jet-bookings\/\" >\n\t\t\t\t\tBookings\t\t\t\t<\/a>\n\t\t\t<\/li>\n\t\t\t\t\t<li class=\"woocommerce-MyAccount-navigation-link woocommerce-MyAccount-navigation-link--customer-logout\">\n\t\t\t\t<a href=\"https:\/\/tiendaropa2.jgpuxdesign.com\/es\/mi-cuenta\/customer-logout\/?_wpnonce=9482c74706\" >\n\t\t\t\t\tCerrar sesi\u00f3n\t\t\t\t<\/a>\n\t\t\t<\/li>\n\t\t\t<\/ul>\n<\/nav>\n\n\n\t\t\t\t\t<\/div>\n\t\t            \t\t<div class=\"eael-account-dashboard-content\">\n\t\t\t<div class=\"woocommerce\"><div class=\"woocommerce-notices-wrapper\"><\/div>\n\n<div class=\"u-columns col2-set\" id=\"customer_login\">\n\n\t<div class=\"u-column1 col-1\">\n\n\n\t\t<h2>Acceder<\/h2>\n\n\t\t<form class=\"woocommerce-form woocommerce-form-login login\" method=\"post\" novalidate>\n\n\t\t\t\n\t\t\t<p class=\"woocommerce-form-row woocommerce-form-row--wide form-row form-row-wide\">\n\t\t\t\t<label for=\"username\">Nombre de usuario o correo electr\u00f3nico&nbsp;<span class=\"required\" aria-hidden=\"true\">*<\/span><span class=\"screen-reader-text\">Obligatorio<\/span><\/label>\n\t\t\t\t<input type=\"text\" class=\"woocommerce-Input woocommerce-Input--text input-text\" name=\"username\" id=\"username\" autocomplete=\"username\" value=\"\" required aria-required=\"true\" \/>\t\t\t<\/p>\n\t\t\t<p class=\"woocommerce-form-row woocommerce-form-row--wide form-row form-row-wide\">\n\t\t\t\t<label for=\"password\">Contrase\u00f1a&nbsp;<span class=\"required\" aria-hidden=\"true\">*<\/span><span class=\"screen-reader-text\">Obligatorio<\/span><\/label>\n\t\t\t\t<input class=\"woocommerce-Input woocommerce-Input--text input-text\" type=\"password\" name=\"password\" id=\"password\" autocomplete=\"current-password\" required aria-required=\"true\" \/>\n\t\t\t<\/p>\n\n\t\t\t<div class=\"g-recaptcha-wrap\" style=\"padding:10px 0 10px 0\"><div id=\"woo_recaptcha_1\" class=\"g-recaptcha aios-wc-captcha\" data-sitekey=\"6LdYv8AqAAAAAFieyXlW1lUgE6hp3671RQoSMSH9\"><\/div><\/div>\n\t\t\t<p class=\"form-row\">\n\t\t\t\t<label class=\"woocommerce-form__label woocommerce-form__label-for-checkbox woocommerce-form-login__rememberme\">\n\t\t\t\t\t<input class=\"woocommerce-form__input woocommerce-form__input-checkbox\" name=\"rememberme\" type=\"checkbox\" id=\"rememberme\" value=\"forever\" \/> <span>Recu\u00e9rdame<\/span>\n\t\t\t\t<\/label>\n\t\t\t\t<input type=\"hidden\" id=\"woocommerce-login-nonce\" name=\"woocommerce-login-nonce\" value=\"4aaeb3aadc\" \/><input type=\"hidden\" name=\"_wp_http_referer\" value=\"\/es\/wp-json\/wp\/v2\/pages\/1624\" \/>\t\t\t\t<button type=\"submit\" class=\"woocommerce-button button woocommerce-form-login__submit\" name=\"login\" value=\"Acceso\">Acceso<\/button>\n\t\t\t<\/p>\n\t\t\t<p class=\"woocommerce-LostPassword lost_password\">\n\t\t\t\t<a href=\"https:\/\/tiendaropa2.jgpuxdesign.com\/es\/mi-cuenta\/lost-password\/\">\u00bfOlvidaste la contrase\u00f1a?<\/a>\n\t\t\t<\/p>\n\n\t\t\t\n\t\t<\/form>\n\n\n\t<\/div>\n\n\t<div class=\"u-column2 col-2\">\n\n\t\t<h2>Registrarse<\/h2>\n\n\t\t<form method=\"post\" class=\"woocommerce-form woocommerce-form-register register\"  >\n\n\t\t\t\n\t\t\t\n\t\t\t<p class=\"woocommerce-form-row woocommerce-form-row--wide form-row form-row-wide\">\n\t\t\t\t<label for=\"reg_email\">Direcci\u00f3n de correo electr\u00f3nico&nbsp;<span class=\"required\" aria-hidden=\"true\">*<\/span><span class=\"screen-reader-text\">Obligatorio<\/span><\/label>\n\t\t\t\t<input type=\"email\" class=\"woocommerce-Input woocommerce-Input--text input-text\" name=\"email\" id=\"reg_email\" autocomplete=\"email\" value=\"\" required aria-required=\"true\" \/>\t\t\t<\/p>\n\n\t\t\t\n\t\t\t\t<p>Se enviar\u00e1 un enlace a tu direcci\u00f3n de correo electr\u00f3nico para establecer una nueva contrase\u00f1a.<\/p>\n\n\t\t\t\n\t\t\t<div class=\"g-recaptcha-wrap\" style=\"padding:10px 0 10px 0\"><div id=\"woo_recaptcha_2\" class=\"g-recaptcha aios-wc-captcha\" data-sitekey=\"6LdYv8AqAAAAAFieyXlW1lUgE6hp3671RQoSMSH9\"><\/div><\/div><wc-order-attribution-inputs><\/wc-order-attribution-inputs><div class=\"woocommerce-privacy-policy-text\"><p>Sus datos personales se utilizar\u00e1n para apoyar su experiencia a trav\u00e9s de este sitio web, para gestionar el acceso a su cuenta, y para otros fines descritos en nuestra <a href=\"https:\/\/tiendaropa2.jgpuxdesign.com\/privacy-policy\/\" class=\"woocommerce-privacy-policy-link\" target=\"_blank\">pol\u00edtica de privacidad<\/a>.<\/p>\n<\/div>\n\t\t\t<p class=\"woocommerce-form-row form-row\">\n\t\t\t\t<input type=\"hidden\" id=\"woocommerce-register-nonce\" name=\"woocommerce-register-nonce\" value=\"1048d82cb2\" \/><input type=\"hidden\" name=\"_wp_http_referer\" value=\"\/es\/wp-json\/wp\/v2\/pages\/1624\" \/>\t\t\t\t<button type=\"submit\" class=\"woocommerce-Button woocommerce-button button woocommerce-form-register__submit\" name=\"register\" value=\"Registrarse\">Registrarse<\/button>\n\t\t\t<\/p>\n\n\t\t\t\n\t\t<\/form>\n\n\t<\/div>\n\n<\/div>\n\n<\/div>\t\t<\/div>\n\t\t        <\/div>\n    <\/div>\n<\/div>        <\/div>\n\n\t\t\t\t\t\t<\/div>\n\t\t\t\t<\/div>\n\t\t\t\t<\/div>\n\t\t\t\t<\/div>\n\t\t","protected":false},"excerpt":{"rendered":"<p>Dashboard Pedidos Direcciones Payment methods Detalles de la cuenta Cerrar sesi\u00f3n Hola VisualArts Dashboard Pedidos Direcciones Payment methods Detalles de la cuenta Cerrar sesi\u00f3n Hello VisualArts (not VisualArts? Log out) From your account dashboard you can view your recent orders, manage your shipping and billing addresses, and edit your password and account details.<\/p>\n","protected":false},"author":1,"featured_media":0,"parent":0,"menu_order":0,"comment_status":"closed","ping_status":"closed","template":"elementor_header_footer","meta":{"_acf_changed":false,"footnotes":""},"class_list":["post-1624","page","type-page","status-publish","hentry"],"acf":[],"yoast_head":"<!-- This site is optimized with the Yoast SEO Premium plugin v23.6 (Yoast SEO v27.4) - https:\/\/yoast.com\/product\/yoast-seo-premium-wordpress\/ -->\n<title>Mi cuenta | Alemany Studio<\/title>\n<meta name=\"robots\" content=\"index, follow, max-snippet:-1, max-image-preview:large, max-video-preview:-1\" \/>\n<link rel=\"canonical\" href=\"https:\/\/tiendaropa2.jgpuxdesign.com\/es\/mi-cuenta\/\" \/>\n<meta property=\"og:locale\" content=\"es_ES\" \/>\n<meta property=\"og:type\" content=\"article\" \/>\n<meta property=\"og:title\" content=\"Mi cuenta\" \/>\n<meta property=\"og:description\" content=\"Dashboard Pedidos Direcciones Payment methods Detalles de la cuenta Cerrar sesi\u00f3n Hola VisualArts Dashboard Pedidos Direcciones Payment methods Detalles de la cuenta Cerrar sesi\u00f3n Hello VisualArts (not VisualArts? Log out) From your account dashboard you can view your recent orders, manage your shipping and billing addresses, and edit your password and account details.\" \/>\n<meta property=\"og:url\" content=\"https:\/\/tiendaropa2.jgpuxdesign.com\/es\/mi-cuenta\/\" \/>\n<meta property=\"og:site_name\" content=\"Alemany Studio\" \/>\n<meta property=\"article:modified_time\" content=\"2024-12-09T13:48:27+00:00\" \/>\n<meta property=\"og:image\" content=\"https:\/\/tiendaropa2.jgpuxdesign.com\/wp-content\/uploads\/2024\/11\/Cover-1024x576.png\" \/>\n<meta name=\"twitter:card\" content=\"summary_large_image\" \/>\n<script type=\"application\/ld+json\" class=\"yoast-schema-graph\">{\"@context\":\"https:\\\/\\\/schema.org\",\"@graph\":[{\"@type\":\"WebPage\",\"@id\":\"https:\\\/\\\/tiendaropa2.jgpuxdesign.com\\\/es\\\/mi-cuenta\\\/\",\"url\":\"https:\\\/\\\/tiendaropa2.jgpuxdesign.com\\\/es\\\/mi-cuenta\\\/\",\"name\":\"Mi cuenta | Alemany Studio\",\"isPartOf\":{\"@id\":\"https:\\\/\\\/tiendaropa2.jgpuxdesign.com\\\/#website\"},\"datePublished\":\"2024-10-25T10:43:56+00:00\",\"dateModified\":\"2024-12-09T13:48:27+00:00\",\"breadcrumb\":{\"@id\":\"https:\\\/\\\/tiendaropa2.jgpuxdesign.com\\\/es\\\/mi-cuenta\\\/#breadcrumb\"},\"inLanguage\":\"es\",\"potentialAction\":[{\"@type\":\"ReadAction\",\"target\":[\"https:\\\/\\\/tiendaropa2.jgpuxdesign.com\\\/es\\\/mi-cuenta\\\/\"]}]},{\"@type\":\"BreadcrumbList\",\"@id\":\"https:\\\/\\\/tiendaropa2.jgpuxdesign.com\\\/es\\\/mi-cuenta\\\/#breadcrumb\",\"itemListElement\":[{\"@type\":\"ListItem\",\"position\":1,\"name\":\"Inicio\",\"item\":\"https:\\\/\\\/tiendaropa2.jgpuxdesign.com\\\/es\\\/\"},{\"@type\":\"ListItem\",\"position\":2,\"name\":\"Mi cuenta\"}]},{\"@type\":\"WebSite\",\"@id\":\"https:\\\/\\\/tiendaropa2.jgpuxdesign.com\\\/#website\",\"url\":\"https:\\\/\\\/tiendaropa2.jgpuxdesign.com\\\/\",\"name\":\"Alemany Studio\",\"description\":\"\",\"alternateName\":\"Alemany Studio\",\"potentialAction\":[{\"@type\":\"SearchAction\",\"target\":{\"@type\":\"EntryPoint\",\"urlTemplate\":\"https:\\\/\\\/tiendaropa2.jgpuxdesign.com\\\/?s={search_term_string}\"},\"query-input\":{\"@type\":\"PropertyValueSpecification\",\"valueRequired\":true,\"valueName\":\"search_term_string\"}}],\"inLanguage\":\"es\"}]}<\/script>\n<!-- \/ Yoast SEO Premium plugin. -->","yoast_head_json":{"title":"Mi cuenta | Alemany Studio","robots":{"index":"index","follow":"follow","max-snippet":"max-snippet:-1","max-image-preview":"max-image-preview:large","max-video-preview":"max-video-preview:-1"},"canonical":"https:\/\/tiendaropa2.jgpuxdesign.com\/es\/mi-cuenta\/","og_locale":"es_ES","og_type":"article","og_title":"Mi cuenta","og_description":"Dashboard Pedidos Direcciones Payment methods Detalles de la cuenta Cerrar sesi\u00f3n Hola VisualArts Dashboard Pedidos Direcciones Payment methods Detalles de la cuenta Cerrar sesi\u00f3n Hello VisualArts (not VisualArts? Log out) From your account dashboard you can view your recent orders, manage your shipping and billing addresses, and edit your password and account details.","og_url":"https:\/\/tiendaropa2.jgpuxdesign.com\/es\/mi-cuenta\/","og_site_name":"Alemany Studio","article_modified_time":"2024-12-09T13:48:27+00:00","og_image":[{"url":"https:\/\/tiendaropa2.jgpuxdesign.com\/wp-content\/uploads\/2024\/11\/Cover-1024x576.png","type":"","width":"","height":""}],"twitter_card":"summary_large_image","schema":{"@context":"https:\/\/schema.org","@graph":[{"@type":"WebPage","@id":"https:\/\/tiendaropa2.jgpuxdesign.com\/es\/mi-cuenta\/","url":"https:\/\/tiendaropa2.jgpuxdesign.com\/es\/mi-cuenta\/","name":"Mi cuenta | Alemany Studio","isPartOf":{"@id":"https:\/\/tiendaropa2.jgpuxdesign.com\/#website"},"datePublished":"2024-10-25T10:43:56+00:00","dateModified":"2024-12-09T13:48:27+00:00","breadcrumb":{"@id":"https:\/\/tiendaropa2.jgpuxdesign.com\/es\/mi-cuenta\/#breadcrumb"},"inLanguage":"es","potentialAction":[{"@type":"ReadAction","target":["https:\/\/tiendaropa2.jgpuxdesign.com\/es\/mi-cuenta\/"]}]},{"@type":"BreadcrumbList","@id":"https:\/\/tiendaropa2.jgpuxdesign.com\/es\/mi-cuenta\/#breadcrumb","itemListElement":[{"@type":"ListItem","position":1,"name":"Inicio","item":"https:\/\/tiendaropa2.jgpuxdesign.com\/es\/"},{"@type":"ListItem","position":2,"name":"Mi cuenta"}]},{"@type":"WebSite","@id":"https:\/\/tiendaropa2.jgpuxdesign.com\/#website","url":"https:\/\/tiendaropa2.jgpuxdesign.com\/","name":"Alemany Studio","description":"","alternateName":"Alemany Studio","potentialAction":[{"@type":"SearchAction","target":{"@type":"EntryPoint","urlTemplate":"https:\/\/tiendaropa2.jgpuxdesign.com\/?s={search_term_string}"},"query-input":{"@type":"PropertyValueSpecification","valueRequired":true,"valueName":"search_term_string"}}],"inLanguage":"es"}]}},"_hostinger_reach_plugin_has_subscription_block":false,"_hostinger_reach_plugin_is_elementor":false,"_links":{"self":[{"href":"https:\/\/tiendaropa2.jgpuxdesign.com\/es\/wp-json\/wp\/v2\/pages\/1624","targetHints":{"allow":["GET"]}}],"collection":[{"href":"https:\/\/tiendaropa2.jgpuxdesign.com\/es\/wp-json\/wp\/v2\/pages"}],"about":[{"href":"https:\/\/tiendaropa2.jgpuxdesign.com\/es\/wp-json\/wp\/v2\/types\/page"}],"author":[{"embeddable":true,"href":"https:\/\/tiendaropa2.jgpuxdesign.com\/es\/wp-json\/wp\/v2\/users\/1"}],"replies":[{"embeddable":true,"href":"https:\/\/tiendaropa2.jgpuxdesign.com\/es\/wp-json\/wp\/v2\/comments?post=1624"}],"version-history":[{"count":4,"href":"https:\/\/tiendaropa2.jgpuxdesign.com\/es\/wp-json\/wp\/v2\/pages\/1624\/revisions"}],"predecessor-version":[{"id":1751,"href":"https:\/\/tiendaropa2.jgpuxdesign.com\/es\/wp-json\/wp\/v2\/pages\/1624\/revisions\/1751"}],"wp:attachment":[{"href":"https:\/\/tiendaropa2.jgpuxdesign.com\/es\/wp-json\/wp\/v2\/media?parent=1624"}],"curies":[{"name":"wp","href":"https:\/\/api.w.org\/{rel}","templated":true}]}}